{"id":14730,"date":"2019-04-15T11:44:06","date_gmt":"2019-04-15T15:44:06","guid":{"rendered":"https:\/\/www.jasoncases.com\/store\/?post_type=product&#038;p=14730"},"modified":"2025-11-24T02:45:12","modified_gmt":"2025-11-24T07:45:12","slug":"arri-lmb-25-mattebox-case","status":"publish","type":"product","link":"https:\/\/www.jasoncases.com\/store\/product\/arri-lmb-25-mattebox-case\/","title":{"rendered":"Arri LMB-25 Mattebox case"},"content":{"rendered":"<ul>\n<li>Made with Genuine Pelican case<\/li>\n<li>Made of laser-cut high-grade foam<\/li>\n<li>It will store the following items:\n<ul>\n<li>Arri LMB-25 Mattebox<\/li>\n<li>Top Flag<\/li>\n<li>(10) Mattes<\/li>\n<li>(13) Clamp-On Adapters \/ Reducer Rings:\n<ul>\n<li>K2.47243.0 &#8211; Clamp Adapter \u00f8 80mm<\/li>\n<li>K2.0015065 &#8211; LMB 4&#215;5 Clamp Adapter \u00f8 85mm<\/li>\n<li>K2.0014227 &#8211; LMB 4&#215;5 Clamp Adapter \u00f8 87mm<\/li>\n<li>K2.0014439 &#8211; LMB 4&#215;5 Clamp Adapter \u00f8 95mm<\/li>\n<li>K2.0015103 &#8211; LMB 4&#215;5 Clamp Adapter \u00f8 100mm<\/li>\n<li>K2.47253.0 &#8211; Clamp Adapter \u00f8 104mm LMB-25\/15<\/li>\n<li>K2.0014409 &#8211; LMB 4&#215;5 Clamp Adapter \u00f8 110mm<\/li>\n<li>K2.0014396 &#8211; LMB 4&#215;5 Clamp Adapter \u00f8 114mm<\/li>\n<li>K2.0014377 &#8211; LMB 4&#215;5 Clamp Adapter \u00f8 125mm<\/li>\n<li>K2.0014359 &#8211; LMB 4&#215;5 Clamp Adapter \u00f8 134mm<\/li>\n<li>K2.0014348 &#8211; LMB 4&#215;5 Clamp Adapter \u00f8 136mm<\/li>\n<li>K2.0014168 &#8211; LMB 4&#215;5 Clamp Adapter \u00f8 143mm<\/li>\n<li>K2.0015075 &#8211; LMB 4&#215;5 Clamp Adapter \u00f8 162mm<\/li>\n<\/ul>\n<\/li>\n<li>Multiple extra accessory slot<\/li>\n<\/ul>\n<\/li>\n<\/ul>\n","protected":false},"excerpt":{"rendered":"<p>Made with Genuine Pelican case Made of laser-cut high-grade foam It will store the following items: Arri LMB-25 Mattebox Top Flag (10) Mattes (13) Clamp-On Adapters \/ Reducer Rings: K2.47243.0 &#8211; Clamp Adapter \u00f8 80mm K2.0015065 &#8211; LMB 4&#215;5 Clamp Adapter \u00f8 85mm K2.0014227 &#8211; LMB 4&#215;5 Clamp Adapter \u00f8 87mm K2.0014439 &#8211; LMB 4&#215;5 [&#8230;]\n","protected":false},"featured_media":21115,"comment_status":"open","ping_status":"closed","template":"","meta":[],"product_brand":[],"product_cat":[65,829],"product_tag":[98,101,279,67,80,69,3408,3409,3410,2003,2004,2005,2006,2002,2007,2008,2010,2011,2009,3407,635,3406,669,278,277,207,70,1164,73],"class_list":{"0":"post-14730","1":"product","2":"type-product","3":"status-publish","4":"has-post-thumbnail","6":"product_cat-arri","7":"product_cat-matteboxes","8":"product_tag-arri-2","9":"product_tag-ata","10":"product_tag-box","11":"product_tag-case","12":"product_tag-cine","13":"product_tag-flight","14":"product_tag-k0-60047-0","15":"product_tag-k0-60048-0","16":"product_tag-k0-60049-0","17":"product_tag-k2-0000069","18":"product_tag-k2-0007992","19":"product_tag-k2-47244-0","20":"product_tag-k2-66133-0","21":"product_tag-k2-66177-0","22":"product_tag-kk-0005786","23":"product_tag-kk-0005787","24":"product_tag-kk-0005788","25":"product_tag-kk-0005805","26":"product_tag-kk-0005806","27":"product_tag-lmb-15","28":"product_tag-lmb-25","29":"product_tag-lmb15","30":"product_tag-mattbox","31":"product_tag-matte","32":"product_tag-matte-box","33":"product_tag-mattebox","34":"product_tag-pelican","35":"product_tag-pelicase","36":"product_tag-travel","38":"first","39":"instock","40":"shipping-taxable","41":"purchasable","42":"product-type-simple"},"_links":{"self":[{"href":"https:\/\/www.jasoncases.com\/store\/wp-json\/wp\/v2\/product\/14730","targetHints":{"allow":["GET"]}}],"collection":[{"href":"https:\/\/www.jasoncases.com\/store\/wp-json\/wp\/v2\/product"}],"about":[{"href":"https:\/\/www.jasoncases.com\/store\/wp-json\/wp\/v2\/types\/product"}],"replies":[{"embeddable":true,"href":"https:\/\/www.jasoncases.com\/store\/wp-json\/wp\/v2\/comments?post=14730"}],"wp:featuredmedia":[{"embeddable":true,"href":"https:\/\/www.jasoncases.com\/store\/wp-json\/wp\/v2\/media\/21115"}],"wp:attachment":[{"href":"https:\/\/www.jasoncases.com\/store\/wp-json\/wp\/v2\/media?parent=14730"}],"wp:term":[{"taxonomy":"product_brand","embeddable":true,"href":"https:\/\/www.jasoncases.com\/store\/wp-json\/wp\/v2\/product_brand?post=14730"},{"taxonomy":"product_cat","embeddable":true,"href":"https:\/\/www.jasoncases.com\/store\/wp-json\/wp\/v2\/product_cat?post=14730"},{"taxonomy":"product_tag","embeddable":true,"href":"https:\/\/www.jasoncases.com\/store\/wp-json\/wp\/v2\/product_tag?post=14730"}],"curies":[{"name":"wp","href":"https:\/\/api.w.org\/{rel}","templated":true}]}}